{"id":22,"date":"2017-10-26T23:40:52","date_gmt":"2017-10-26T20:40:52","guid":{"rendered":"http:\/\/www.kidosk.org\/?page_id=22"},"modified":"2017-10-31T16:11:49","modified_gmt":"2017-10-31T13:11:49","slug":"hakkimizda","status":"publish","type":"page","link":"https:\/\/www.kidosk.org\/?page_id=22","title":{"rendered":"Hakk\u0131m\u0131zda"},"content":{"rendered":"<p><img loading=\"lazy\" decoding=\"async\" class=\"size-full wp-image-67 alignleft\" src=\"http:\/\/www.kidosk.org\/wp-content\/uploads\/2017\/10\/images.jpg\" alt=\"\" width=\"200\" height=\"168\" \/><\/p>\n<p><strong>Vizyonumuz<\/strong><br \/>\n\u0130zcili\u011fin amac\u0131, s\u00f6z\u00fc ve t\u00fcresi \u00fczerine kurulu bir de\u011ferler sistemi arac\u0131l\u0131\u011f\u0131 ile gen\u00e7lerin e\u011fitimine yard\u0131mc\u0131<br \/>\nolmak, Do\u011fa sporlar\u0131 ve a\u00e7\u0131k hava aktiviteleri ile \u00e7evik ve cesaretli, birey olarak tatmin olmu\u015f, toplum i\u00e7inde<br \/>\nyap\u0131c\u0131 rol \u00fcstlenen, d\u00fcr\u00fcst, ahlakl\u0131 ve idealist insanlar\u0131n ya\u015fad\u0131\u011f\u0131 daha iyi bir d\u00fcnya olu\u015fturmakt\u0131r.<\/p>\n<p><strong>Misyonumuz<\/strong><\/p>\n<p>Kat\u0131l\u0131mc\u0131 bir y\u00f6netim anlay\u0131\u015f\u0131yla, gen\u00e7lerin mensubu olmaktan \u00f6v\u00fcn\u00e7 duydu\u011fu, ger\u00e7ekle\u015ftirecekleri d\u00fc\u015f ve<br \/>\nhedeflerin pe\u015finde ko\u015ftu\u011fu, geli\u015fim ve de\u011fi\u015fime dayal\u0131, sayg\u0131 ve g\u00fcven ortam\u0131n\u0131n hakim oldu\u011fu, huzurlu bir<br \/>\nortamda gen\u00e7lerin geli\u015fimlerine katk\u0131da bulunmakt\u0131r.<\/p>\n","protected":false},"excerpt":{"rendered":"<p>Vizyonumuz \u0130zcili\u011fin amac\u0131, s\u00f6z\u00fc ve t\u00fcresi \u00fczerine kurulu bir de\u011ferler sistemi arac\u0131l\u0131\u011f\u0131 ile gen\u00e7lerin e\u011fitimine yard\u0131mc\u0131 olmak, Do\u011fa sporlar\u0131 ve a\u00e7\u0131k hava aktiviteleri ile \u00e7evik ve cesaretli, birey olarak tatmin olmu\u015f, toplum i\u00e7inde yap\u0131c\u0131 rol \u00fcstlenen, d\u00fcr\u00fcst, ahlakl\u0131 ve idealist insanlar\u0131n ya\u015fad\u0131\u011f\u0131 daha iyi bir d\u00fcnya olu\u015fturmakt\u0131r. Misyonumuz Kat\u0131l\u0131mc\u0131 bir y\u00f6netim anlay\u0131\u015f\u0131yla, gen\u00e7lerin mensubu olmaktan<span class=\"read-more-wrap\"><a class=\"moretag\" href=\"https:\/\/www.kidosk.org\/?page_id=22\">Okumaya devam et<span class=\"screen-reader-text\">Hakk\u0131m\u0131zda<\/span><\/a><\/span><\/p>\n","protected":false},"author":1,"featured_media":0,"parent":0,"menu_order":0,"comment_status":"closed","ping_status":"closed","template":"","meta":{"footnotes":""},"class_list":["post-22","page","type-page","status-publish","hentry"],"_links":{"self":[{"href":"https:\/\/www.kidosk.org\/index.php?rest_route=\/wp\/v2\/pages\/22","targetHints":{"allow":["GET"]}}],"collection":[{"href":"https:\/\/www.kidosk.org\/index.php?rest_route=\/wp\/v2\/pages"}],"about":[{"href":"https:\/\/www.kidosk.org\/index.php?rest_route=\/wp\/v2\/types\/page"}],"author":[{"embeddable":true,"href":"https:\/\/www.kidosk.org\/index.php?rest_route=\/wp\/v2\/users\/1"}],"replies":[{"embeddable":true,"href":"https:\/\/www.kidosk.org\/index.php?rest_route=%2Fwp%2Fv2%2Fcomments&post=22"}],"version-history":[{"count":4,"href":"https:\/\/www.kidosk.org\/index.php?rest_route=\/wp\/v2\/pages\/22\/revisions"}],"predecessor-version":[{"id":122,"href":"https:\/\/www.kidosk.org\/index.php?rest_route=\/wp\/v2\/pages\/22\/revisions\/122"}],"wp:attachment":[{"href":"https:\/\/www.kidosk.org\/index.php?rest_route=%2Fwp%2Fv2%2Fmedia&parent=22"}],"curies":[{"name":"wp","href":"https:\/\/api.w.org\/{rel}","templated":true}]}}