{"id":24,"date":"2017-10-26T23:41:30","date_gmt":"2017-10-26T20:41:30","guid":{"rendered":"http:\/\/www.kidosk.org\/?page_id=24"},"modified":"2025-07-22T15:28:56","modified_gmt":"2025-07-22T12:28:56","slug":"pazarcayir","status":"publish","type":"page","link":"https:\/\/www.kidosk.org\/?page_id=24","title":{"rendered":"Pazar\u00e7ay\u0131r"},"content":{"rendered":"<h4>Kartepe Pazar\u00e7ay\u0131r K\u00f6y\u00fc,\u00a0 Kidosk \u0130zcilik E\u011fitim ve Do\u011fa Sporlar\u0131 Merkezi<\/h4>\n<h4>\u00a0<\/h4>\n<p><iframe loading=\"lazy\" style=\"border: 0;\" src=\"https:\/\/www.google.com\/maps\/embed?pb=!1m14!1m12!1m3!1d2473.4832753843043!2d30.055896666577052!3d40.63702516051352!2m3!1f0!2f0!3f0!3m2!1i1024!2i768!4f13.1!5e0!3m2!1str!2str!4v1514471146014\" width=\"600\" height=\"450\" frameborder=\"0\" allowfullscreen=\"allowfullscreen\"><\/iframe>\u00a0<\/p>\n<h4>\u00a0<\/h4>\n\n\n<figure class=\"wp-block-image\"><img loading=\"lazy\" decoding=\"async\" width=\"1024\" height=\"768\" src=\"http:\/\/www.kidosk.org\/wp-content\/uploads\/2018\/12\/IMG-20181209-WA0007-1024x768.jpg\" alt=\"\" class=\"wp-image-253\" srcset=\"https:\/\/www.kidosk.org\/wp-content\/uploads\/2018\/12\/IMG-20181209-WA0007-1024x768.jpg 1024w, https:\/\/www.kidosk.org\/wp-content\/uploads\/2018\/12\/IMG-20181209-WA0007-300x225.jpg 300w, https:\/\/www.kidosk.org\/wp-content\/uploads\/2018\/12\/IMG-20181209-WA0007-768x576.jpg 768w, https:\/\/www.kidosk.org\/wp-content\/uploads\/2018\/12\/IMG-20181209-WA0007.jpg 1600w\" sizes=\"auto, (max-width: 1024px) 100vw, 1024px\" \/><\/figure>\n","protected":false},"excerpt":{"rendered":"<p>Kartepe Pazar\u00e7ay\u0131r K\u00f6y\u00fc,\u00a0 Kidosk \u0130zcilik E\u011fitim ve Do\u011fa Sporlar\u0131 Merkezi \u00a0 \u00a0 \u00a0<\/p>\n","protected":false},"author":1,"featured_media":0,"parent":0,"menu_order":0,"comment_status":"closed","ping_status":"closed","template":"","meta":{"footnotes":""},"class_list":["post-24","page","type-page","status-publish","hentry"],"_links":{"self":[{"href":"https:\/\/www.kidosk.org\/index.php?rest_route=\/wp\/v2\/pages\/24","targetHints":{"allow":["GET"]}}],"collection":[{"href":"https:\/\/www.kidosk.org\/index.php?rest_route=\/wp\/v2\/pages"}],"about":[{"href":"https:\/\/www.kidosk.org\/index.php?rest_route=\/wp\/v2\/types\/page"}],"author":[{"embeddable":true,"href":"https:\/\/www.kidosk.org\/index.php?rest_route=\/wp\/v2\/users\/1"}],"replies":[{"embeddable":true,"href":"https:\/\/www.kidosk.org\/index.php?rest_route=%2Fwp%2Fv2%2Fcomments&post=24"}],"version-history":[{"count":13,"href":"https:\/\/www.kidosk.org\/index.php?rest_route=\/wp\/v2\/pages\/24\/revisions"}],"predecessor-version":[{"id":381,"href":"https:\/\/www.kidosk.org\/index.php?rest_route=\/wp\/v2\/pages\/24\/revisions\/381"}],"wp:attachment":[{"href":"https:\/\/www.kidosk.org\/index.php?rest_route=%2Fwp%2Fv2%2Fmedia&parent=24"}],"curies":[{"name":"wp","href":"https:\/\/api.w.org\/{rel}","templated":true}]}}