{"id":87,"date":"2017-10-31T15:27:03","date_gmt":"2017-10-31T12:27:03","guid":{"rendered":"http:\/\/www.kidosk.org\/?page_id=87"},"modified":"2024-07-05T09:18:10","modified_gmt":"2024-07-05T06:18:10","slug":"yonetim","status":"publish","type":"page","link":"https:\/\/www.kidosk.org\/?page_id=87","title":{"rendered":"Y\u00f6netim"},"content":{"rendered":"<p><strong>Y\u00f6netim Kurulu<\/strong><\/p>\n<p>\u00d6mer Faruk As\u0131lt\u00fcrk<\/p>\n<p>Ahmet \u00d6zy\u0131lmaz<\/p>\n<p>S\u00fcleyman Talha Ya\u015far<\/p>\n<p>Mehmet Talha Ta\u015ftekin<\/p>\n<p>Murat \u00d6zdamar<\/p>\n<p><strong>Denetim Kurulu<\/strong><\/p>\n<p>Din\u00e7er \u00d6zy\u0131lmaz<\/p>\n<p>Hasan Ali Akay<\/p>\n<p>Burak Topal<\/p>\n<p><strong>\u0130zci Liderleri<\/strong><\/p>\n<p>Din\u00e7er \u00d6zy\u0131lmaz<\/p>\n<p>Ahmet \u00d6zy\u0131lmaz<\/p>\n<p>Ahmet Keskin<\/p>\n<p>\u00d6mer F. As\u0131lt\u00fcrk<\/p>\n<p>S\u00fcleyman Talha Ya\u015far<\/p>\n<p>Fahrettin G\u00fcner<\/p>\n<p>Murat Kayg\u0131nok<\/p>\n<p>Murat \u00d6zdamar<\/p>\n<p>Mert Keskin<\/p>\n<p>Mustafa Akba\u015f<\/p>\n<p><strong>\u0130zci G\u00f6n\u00fcll\u00fcleri<\/strong><\/p>\n<p style=\"text-align: left;\">Samet Ayd\u0131n<\/p>\n<p style=\"text-align: left;\">\u0130smail Aytepe<\/p>\n<p style=\"text-align: left;\">\n<p style=\"text-align: left;\">Burak Topal<br \/>\nHasan Ali Akay<br \/>\nCihat Ko\u00e7<br \/>\nMesut Kolay<br \/>\nT\u00fcrker \u00c7oban<br \/>\nEnes Ya\u015far<\/p>\n","protected":false},"excerpt":{"rendered":"<p>Y\u00f6netim Kurulu \u00d6mer Faruk As\u0131lt\u00fcrk Ahmet \u00d6zy\u0131lmaz S\u00fcleyman Talha Ya\u015far Mehmet Talha Ta\u015ftekin Murat \u00d6zdamar Denetim Kurulu Din\u00e7er \u00d6zy\u0131lmaz Hasan Ali Akay Burak Topal \u0130zci Liderleri Din\u00e7er \u00d6zy\u0131lmaz Ahmet \u00d6zy\u0131lmaz Ahmet Keskin \u00d6mer F. As\u0131lt\u00fcrk S\u00fcleyman Talha Ya\u015far Fahrettin G\u00fcner Murat Kayg\u0131nok Murat \u00d6zdamar Mert Keskin Mustafa Akba\u015f \u0130zci G\u00f6n\u00fcll\u00fcleri Samet Ayd\u0131n \u0130smail Aytepe Burak<span class=\"read-more-wrap\"><a class=\"moretag\" href=\"https:\/\/www.kidosk.org\/?page_id=87\">Okumaya devam et<span class=\"screen-reader-text\">Y\u00f6netim<\/span><\/a><\/span><\/p>\n","protected":false},"author":1,"featured_media":0,"parent":0,"menu_order":0,"comment_status":"closed","ping_status":"closed","template":"","meta":{"footnotes":""},"class_list":["post-87","page","type-page","status-publish","hentry"],"_links":{"self":[{"href":"https:\/\/www.kidosk.org\/index.php?rest_route=\/wp\/v2\/pages\/87","targetHints":{"allow":["GET"]}}],"collection":[{"href":"https:\/\/www.kidosk.org\/index.php?rest_route=\/wp\/v2\/pages"}],"about":[{"href":"https:\/\/www.kidosk.org\/index.php?rest_route=\/wp\/v2\/types\/page"}],"author":[{"embeddable":true,"href":"https:\/\/www.kidosk.org\/index.php?rest_route=\/wp\/v2\/users\/1"}],"replies":[{"embeddable":true,"href":"https:\/\/www.kidosk.org\/index.php?rest_route=%2Fwp%2Fv2%2Fcomments&post=87"}],"version-history":[{"count":10,"href":"https:\/\/www.kidosk.org\/index.php?rest_route=\/wp\/v2\/pages\/87\/revisions"}],"predecessor-version":[{"id":352,"href":"https:\/\/www.kidosk.org\/index.php?rest_route=\/wp\/v2\/pages\/87\/revisions\/352"}],"wp:attachment":[{"href":"https:\/\/www.kidosk.org\/index.php?rest_route=%2Fwp%2Fv2%2Fmedia&parent=87"}],"curies":[{"name":"wp","href":"https:\/\/api.w.org\/{rel}","templated":true}]}}