{"id":89,"date":"2017-10-31T15:31:49","date_gmt":"2017-10-31T12:31:49","guid":{"rendered":"http:\/\/www.kidosk.org\/?page_id=89"},"modified":"2024-06-05T11:42:47","modified_gmt":"2024-06-05T08:42:47","slug":"iletisim","status":"publish","type":"page","link":"https:\/\/www.kidosk.org\/?page_id=89","title":{"rendered":"\u0130leti\u015fim"},"content":{"rendered":"<p><strong>Bize Ula\u015f\u0131n<\/strong><br \/>\nKidosk- Kocaeli Kartepe \u0130zcilik Gen\u00e7lik ve Do\u011fa Sporlar\u0131 Kul\u00fcb\u00fc<\/p>\n<p>kidosk@hotmail.com<\/p>\n<p><strong>\u0130leti\u015fim:\u00a0 \u00a0+90532 6834904\u00a0 \u00a0\u00d6mer As\u0131lt\u00fcrk<\/strong><\/p>\n<p>Merkez:\u00a0 \u00a0Karaba\u015f Mahallesi Sanayi Fuar\u0131 6. Cadde No: 12\u00a0 \u0130ZM\u0130T-KOCAEL\u0130<br \/>\n<iframe loading=\"lazy\" style=\"border: 0;\" src=\"https:\/\/www.google.com\/maps\/embed?pb=!1m10!1m8!1m3!1d755.55257741149!2d29.93573!3d40.7573989!3m2!1i1024!2i768!4f13.1!5e0!3m2!1str!2str!4v1514470949411\" width=\"600\" height=\"450\" frameborder=\"0\" allowfullscreen=\"allowfullscreen\"><\/iframe><br \/>\n<img loading=\"lazy\" decoding=\"async\" class=\"alignnone  wp-image-143\" src=\"http:\/\/www.kidosk.org\/wp-content\/uploads\/2017\/10\/FB_IMG_15095481853174398-300x168.jpg\" alt=\"\" width=\"495\" height=\"277\" srcset=\"https:\/\/www.kidosk.org\/wp-content\/uploads\/2017\/10\/FB_IMG_15095481853174398-300x168.jpg 300w, https:\/\/www.kidosk.org\/wp-content\/uploads\/2017\/10\/FB_IMG_15095481853174398.jpg 540w\" sizes=\"auto, (max-width: 495px) 100vw, 495px\" \/><\/p>\n<h4><\/h4>\n","protected":false},"excerpt":{"rendered":"<p>Bize Ula\u015f\u0131n Kidosk- Kocaeli Kartepe \u0130zcilik Gen\u00e7lik ve Do\u011fa Sporlar\u0131 Kul\u00fcb\u00fc kidosk@hotmail.com \u0130leti\u015fim:\u00a0 \u00a0+90532 6834904\u00a0 \u00a0\u00d6mer As\u0131lt\u00fcrk Merkez:\u00a0 \u00a0Karaba\u015f Mahallesi Sanayi Fuar\u0131 6. Cadde No: 12\u00a0 \u0130ZM\u0130T-KOCAEL\u0130<\/p>\n","protected":false},"author":1,"featured_media":0,"parent":0,"menu_order":0,"comment_status":"closed","ping_status":"closed","template":"","meta":{"footnotes":""},"class_list":["post-89","page","type-page","status-publish","hentry"],"_links":{"self":[{"href":"https:\/\/www.kidosk.org\/index.php?rest_route=\/wp\/v2\/pages\/89","targetHints":{"allow":["GET"]}}],"collection":[{"href":"https:\/\/www.kidosk.org\/index.php?rest_route=\/wp\/v2\/pages"}],"about":[{"href":"https:\/\/www.kidosk.org\/index.php?rest_route=\/wp\/v2\/types\/page"}],"author":[{"embeddable":true,"href":"https:\/\/www.kidosk.org\/index.php?rest_route=\/wp\/v2\/users\/1"}],"replies":[{"embeddable":true,"href":"https:\/\/www.kidosk.org\/index.php?rest_route=%2Fwp%2Fv2%2Fcomments&post=89"}],"version-history":[{"count":33,"href":"https:\/\/www.kidosk.org\/index.php?rest_route=\/wp\/v2\/pages\/89\/revisions"}],"predecessor-version":[{"id":340,"href":"https:\/\/www.kidosk.org\/index.php?rest_route=\/wp\/v2\/pages\/89\/revisions\/340"}],"wp:attachment":[{"href":"https:\/\/www.kidosk.org\/index.php?rest_route=%2Fwp%2Fv2%2Fmedia&parent=89"}],"curies":[{"name":"wp","href":"https:\/\/api.w.org\/{rel}","templated":true}]}}